{"id":29294,"date":"2026-03-24T18:48:10","date_gmt":"2026-03-24T17:48:10","guid":{"rendered":"https:\/\/www.escalade.pro\/news\/?page_id=29294"},"modified":"2026-04-06T15:49:50","modified_gmt":"2026-04-06T13:49:50","slug":"entrainement-falaise-printemps-2026","status":"publish","type":"page","link":"https:\/\/www.escalade.pro\/news\/entrainement-falaise-printemps-2026\/","title":{"rendered":"Entra\u00eenement falaise 6b-7b printemps 2026 (Haute Savoie)"},"content":{"rendered":"<p>Lors de ces demi-journ\u00e9es en falaise, nous travaillerons sur un <strong>coaching global priorisant l&rsquo;entra\u00eenement mental <\/strong>(confiance, concentration, respiration, plaisir, diff\u00e9rences \u00e0 vue \/ apr\u00e8s travail,&nbsp; etc)<strong> et l&rsquo;apprentissage technique <\/strong>(placement des pieds, orientation et d\u00e9calage du bassin, etc)<strong>, sur diff\u00e9rentes falaises de la vall\u00e9e de l&rsquo;Arve.<\/strong><\/p>\n<h6><u>Fonctionnement<\/u><\/h6>\n<p><a href=\"https:\/\/www.escalade.pro\/news\/wp-content\/uploads\/2026\/04\/falaise-samedi-printemps-26-.jpg\"><img loading=\"lazy\" decoding=\"async\" class=\"wp-image-29348 size-medium alignleft\" src=\"https:\/\/www.escalade.pro\/news\/wp-content\/uploads\/2026\/04\/falaise-samedi-printemps-26--241x300.jpg\" alt=\"entrainement falaise haute savoie printemps 2026\" width=\"241\" height=\"300\" srcset=\"https:\/\/www.escalade.pro\/news\/wp-content\/uploads\/2026\/04\/falaise-samedi-printemps-26--241x300.jpg 241w, https:\/\/www.escalade.pro\/news\/wp-content\/uploads\/2026\/04\/falaise-samedi-printemps-26--400x498.jpg 400w, https:\/\/www.escalade.pro\/news\/wp-content\/uploads\/2026\/04\/falaise-samedi-printemps-26-.jpg 470w\" sizes=\"auto, (max-width: 241px) 100vw, 241px\" \/><\/a>Groupes de <strong>5 personnes maximum avec un seul entraineur, 8 personnes avec 2 entraineurs.<\/strong><\/p>\n<p><strong>Entrainements organis\u00e9s en 1 cycle de 6 s\u00e9ances.<\/strong><br \/>\n<strong>S\u00e9ances de 3h sur une falaise de la vall\u00e9e de l&rsquo;Arve et du Giffre le samedi de 14h00 \u00e0 17h00<\/strong> (sans compter l&rsquo;approche et le trajet).<\/p>\n<p>Le lieu exact sera normalement d\u00e9cid\u00e9 le mercredi pr\u00e9c\u00e9dent la s\u00e9ance.<br \/>\nPossibilit\u00e9 d&rsquo;arriver en avance pour s&rsquo;\u00e9chauffer entre participants ou de rester \u00e0 la falaise apr\u00e8s l&rsquo;entra\u00eenement.<br \/>\nL&rsquo;horaire peut \u00eatre modifi\u00e9 selon les conditions m\u00e9t\u00e9orologiques (pluie, canicule).<\/p>\n<p>Pr\u00e9voir son mat\u00e9riel en bon \u00e9tat dont corde 80m, 12 d\u00e9gaines, appareil d&rsquo;assurage (avec freinage assist\u00e9 comme Smart ou ATC Pilot, pas de type Reverso), casque (obligatoire pour grimper, fortement conseill\u00e9 pour l&rsquo;assurage).<\/p>\n<p>J&rsquo;organise ce cycle d&rsquo;entra\u00eenement <strong>en collaboration avec Rocio Voumard, DE escalade en milieu naturel<\/strong> (voir son <a href=\"https:\/\/www.instagram.com\/rociovoumard?igsh=N3FsNjF4bXJkMWE1\">compte Instagram<\/a>)<strong>,<\/strong> monitrice d&rsquo;escalade dipl\u00f4m\u00e9e.<\/p>\n<p>Obligatoire de justifier d&rsquo;une <strong>assurance sportive couvrant la pratique de l&rsquo;escalade<\/strong>.<\/p>\n<p><a href=\"https:\/\/www.escalade.pro\/news\/contact-2\/\">Contactez-moi <\/a>pour plus de renseignements et vous inscrire.<\/p>\n<h6><u>Niveau minimum demand\u00e9<\/u><\/h6>\n<p><strong>6a autonome en falaise confirm\u00e9.<\/strong> C&rsquo;est \u00e0 dire encha\u00eener le 6a falaise quasiment \u00e0 chaque sortie sur des falaises vari\u00e9es.<br \/>\nMaitriser l&rsquo;assurage en t\u00eate (gestion des d\u00e9buts de voie, assurage dynamique), et savoir chuter en t\u00eate. Savoir installer une moulinette avec ou sans longe.<\/p>\n<h6><u> Calendrier<\/u><\/h6>\n<p>Samedis 16 mai, 23 mai, 30 mai, 6 juin, 13 juin et 27 juin. Attention, pas de s\u00e9ance le samedi 20 juin.<\/p>\n<h6><u> Tarifs <\/u><\/h6>\n<p>300\u20ac pour les 6 s\u00e9ances de 3h.<\/p>\n<h6><u>Conditions <\/u><\/h6>\n<p><strong>Inscriptions partielles ou \u00e0 la s\u00e9ance non accept\u00e9es.<\/strong><br \/>\n<strong>Une absence n&rsquo;est pas rattrapable et ne donne pas droit \u00e0 un remboursement ni un avoir.<\/strong><br \/>\n<strong>En cas de mauvais temps, les s\u00e9ances seront organis\u00e9es en salle<\/strong> (Arqu\u00e9e Libre, Mont Blanc Escalade, Vitam Parc ou Grimper.ch Satigny). Les <strong>frais d&rsquo;entr\u00e9e seront \u00e0 la charge des participants<\/strong>.<\/p>\n<p>Paiement en plusieurs \u00e9ch\u00e9ances possible. Me contacter et voir <a href=\"https:\/\/www.escalade.pro\/news\/autres-2\/conditions-generales-vente\/\">cette page pour la totalit\u00e9 des conditions de vente et d&rsquo;annulation<\/a>.<\/p>\n","protected":false},"excerpt":{"rendered":"<p>Lors de ces demi-journ\u00e9es en falaise, nous travaillerons sur un coaching global priorisant l&rsquo;entra\u00eenement mental (confiance, concentration, respiration, plaisir, diff\u00e9rences<\/p>\n","protected":false},"author":1,"featured_media":29299,"parent":0,"menu_order":0,"comment_status":"closed","ping_status":"closed","template":"","meta":{"colormag_page_container_layout":"default_layout","colormag_page_sidebar_layout":"default_layout","_monsterinsights_skip_tracking":false,"_monsterinsights_sitenote_active":false,"_monsterinsights_sitenote_note":"","_monsterinsights_sitenote_category":0,"ngg_post_thumbnail":0,"jetpack_post_was_ever_published":false,"footnotes":""},"class_list":["post-29294","page","type-page","status-publish","has-post-thumbnail","hentry"],"yoast_head":"<!-- This site is optimized with the Yoast SEO plugin v27.5 - https:\/\/yoast.com\/product\/yoast-seo-wordpress\/ -->\n<title>Entrainement escalade falaise 74 mai-juin 26 - Grimpisme<\/title>\n<meta name=\"description\" content=\"Six apr\u00e8s midi de coaching en falaise sur la vall\u00e9e de l&#039;Arve, pour les grimpeurs de 6b \u00e0 7a. Au printemps 2026. Coaching technique + mental.\" \/>\n<meta name=\"robots\" content=\"index, follow, max-snippet:-1, max-image-preview:large, max-video-preview:-1\" \/>\n<link rel=\"canonical\" href=\"https:\/\/www.escalade.pro\/news\/entrainement-falaise-printemps-2026\/\" \/>\n<meta property=\"og:locale\" content=\"fr_FR\" \/>\n<meta property=\"og:type\" content=\"article\" \/>\n<meta property=\"og:title\" content=\"Entrainement escalade falaise 74 mai-juin 26 - Grimpisme\" \/>\n<meta property=\"og:description\" content=\"Six apr\u00e8s midi de coaching en falaise sur la vall\u00e9e de l&#039;Arve, pour les grimpeurs de 6b \u00e0 7a. Au printemps 2026. Coaching technique + mental.\" \/>\n<meta property=\"og:url\" content=\"https:\/\/www.escalade.pro\/news\/entrainement-falaise-printemps-2026\/\" \/>\n<meta property=\"og:site_name\" content=\"L&#039;Arqu\u00e9e Libre - Fred Vionnet entraineur\/moniteur escalade\" \/>\n<meta property=\"article:publisher\" content=\"https:\/\/www.facebook.com\/grimpisme\/\" \/>\n<meta property=\"article:modified_time\" content=\"2026-04-06T13:49:50+00:00\" \/>\n<meta property=\"og:image\" content=\"https:\/\/www.escalade.pro\/news\/wp-content\/uploads\/2026\/03\/test.jpg\" \/>\n\t<meta property=\"og:image:width\" content=\"470\" \/>\n\t<meta property=\"og:image:height\" content=\"585\" \/>\n\t<meta property=\"og:image:type\" content=\"image\/jpeg\" \/>\n<meta name=\"twitter:card\" content=\"summary_large_image\" \/>\n<meta name=\"twitter:label1\" content=\"Dur\u00e9e de lecture estim\u00e9e\" \/>\n\t<meta name=\"twitter:data1\" content=\"3 minutes\" \/>\n<script type=\"application\/ld+json\" class=\"yoast-schema-graph\">{\"@context\":\"https:\\\/\\\/schema.org\",\"@graph\":[{\"@type\":\"WebPage\",\"@id\":\"https:\\\/\\\/www.escalade.pro\\\/news\\\/entrainement-falaise-printemps-2026\\\/\",\"url\":\"https:\\\/\\\/www.escalade.pro\\\/news\\\/entrainement-falaise-printemps-2026\\\/\",\"name\":\"Entrainement escalade falaise 74 mai-juin 26 - Grimpisme\",\"isPartOf\":{\"@id\":\"https:\\\/\\\/www.escalade.pro\\\/news\\\/#website\"},\"primaryImageOfPage\":{\"@id\":\"https:\\\/\\\/www.escalade.pro\\\/news\\\/entrainement-falaise-printemps-2026\\\/#primaryimage\"},\"image\":{\"@id\":\"https:\\\/\\\/www.escalade.pro\\\/news\\\/entrainement-falaise-printemps-2026\\\/#primaryimage\"},\"thumbnailUrl\":\"https:\\\/\\\/www.escalade.pro\\\/news\\\/wp-content\\\/uploads\\\/2026\\\/03\\\/test.jpg\",\"datePublished\":\"2026-03-24T17:48:10+00:00\",\"dateModified\":\"2026-04-06T13:49:50+00:00\",\"description\":\"Six apr\u00e8s midi de coaching en falaise sur la vall\u00e9e de l'Arve, pour les grimpeurs de 6b \u00e0 7a. Au printemps 2026. Coaching technique + mental.\",\"breadcrumb\":{\"@id\":\"https:\\\/\\\/www.escalade.pro\\\/news\\\/entrainement-falaise-printemps-2026\\\/#breadcrumb\"},\"inLanguage\":\"fr-FR\",\"potentialAction\":[{\"@type\":\"ReadAction\",\"target\":[\"https:\\\/\\\/www.escalade.pro\\\/news\\\/entrainement-falaise-printemps-2026\\\/\"]}]},{\"@type\":\"ImageObject\",\"inLanguage\":\"fr-FR\",\"@id\":\"https:\\\/\\\/www.escalade.pro\\\/news\\\/entrainement-falaise-printemps-2026\\\/#primaryimage\",\"url\":\"https:\\\/\\\/www.escalade.pro\\\/news\\\/wp-content\\\/uploads\\\/2026\\\/03\\\/test.jpg\",\"contentUrl\":\"https:\\\/\\\/www.escalade.pro\\\/news\\\/wp-content\\\/uploads\\\/2026\\\/03\\\/test.jpg\",\"width\":470,\"height\":585,\"caption\":\"entrainement escalade falaise haute savoie\"},{\"@type\":\"BreadcrumbList\",\"@id\":\"https:\\\/\\\/www.escalade.pro\\\/news\\\/entrainement-falaise-printemps-2026\\\/#breadcrumb\",\"itemListElement\":[{\"@type\":\"ListItem\",\"position\":1,\"name\":\"Accueil\",\"item\":\"https:\\\/\\\/www.escalade.pro\\\/news\\\/\"},{\"@type\":\"ListItem\",\"position\":2,\"name\":\"Entra\u00eenement falaise 6b-7b printemps 2026 (Haute Savoie)\"}]},{\"@type\":\"WebSite\",\"@id\":\"https:\\\/\\\/www.escalade.pro\\\/news\\\/#website\",\"url\":\"https:\\\/\\\/www.escalade.pro\\\/news\\\/\",\"name\":\"L&#039;Arqu\u00e9e Libre - Fred Vionnet entraineur\\\/moniteur escalade\",\"description\":\"Coaching et entrainement escalade. Buoux, C\u00e9\u00fcse et Fontainebleau.\",\"publisher\":{\"@id\":\"https:\\\/\\\/www.escalade.pro\\\/news\\\/#organization\"},\"potentialAction\":[{\"@type\":\"SearchAction\",\"target\":{\"@type\":\"EntryPoint\",\"urlTemplate\":\"https:\\\/\\\/www.escalade.pro\\\/news\\\/?s={search_term_string}\"},\"query-input\":{\"@type\":\"PropertyValueSpecification\",\"valueRequired\":true,\"valueName\":\"search_term_string\"}}],\"inLanguage\":\"fr-FR\"},{\"@type\":\"Organization\",\"@id\":\"https:\\\/\\\/www.escalade.pro\\\/news\\\/#organization\",\"name\":\"L&#039;Arqu\u00e9e Libre - Fred Vionnet entraineur\\\/moniteur escalade\",\"url\":\"https:\\\/\\\/www.escalade.pro\\\/news\\\/\",\"logo\":{\"@type\":\"ImageObject\",\"inLanguage\":\"fr-FR\",\"@id\":\"https:\\\/\\\/www.escalade.pro\\\/news\\\/#\\\/schema\\\/logo\\\/image\\\/\",\"url\":\"https:\\\/\\\/www.escalade.pro\\\/news\\\/wp-content\\\/uploads\\\/2026\\\/04\\\/logo-wp-AL-avril-2026-1.jpg\",\"contentUrl\":\"https:\\\/\\\/www.escalade.pro\\\/news\\\/wp-content\\\/uploads\\\/2026\\\/04\\\/logo-wp-AL-avril-2026-1.jpg\",\"width\":1955,\"height\":902,\"caption\":\"L&#039;Arqu\u00e9e Libre - Fred Vionnet entraineur\\\/moniteur escalade\"},\"image\":{\"@id\":\"https:\\\/\\\/www.escalade.pro\\\/news\\\/#\\\/schema\\\/logo\\\/image\\\/\"},\"sameAs\":[\"https:\\\/\\\/www.facebook.com\\\/grimpisme\\\/\",\"https:\\\/\\\/www.instagram.com\\\/grimpisme\\\/\",\"https:\\\/\\\/www.linkedin.com\\\/in\\\/fred-vionnet-6284b96a\\\/\",\"https:\\\/\\\/fr.pinterest.com\\\/grimpisme\\\/\",\"https:\\\/\\\/www.youtube.com\\\/@grimpisme\"]}]}<\/script>\n<!-- \/ Yoast SEO plugin. -->","yoast_head_json":{"title":"Entrainement escalade falaise 74 mai-juin 26 - Grimpisme","description":"Six apr\u00e8s midi de coaching en falaise sur la vall\u00e9e de l'Arve, pour les grimpeurs de 6b \u00e0 7a. Au printemps 2026. Coaching technique + mental.","robots":{"index":"index","follow":"follow","max-snippet":"max-snippet:-1","max-image-preview":"max-image-preview:large","max-video-preview":"max-video-preview:-1"},"canonical":"https:\/\/www.escalade.pro\/news\/entrainement-falaise-printemps-2026\/","og_locale":"fr_FR","og_type":"article","og_title":"Entrainement escalade falaise 74 mai-juin 26 - Grimpisme","og_description":"Six apr\u00e8s midi de coaching en falaise sur la vall\u00e9e de l'Arve, pour les grimpeurs de 6b \u00e0 7a. Au printemps 2026. Coaching technique + mental.","og_url":"https:\/\/www.escalade.pro\/news\/entrainement-falaise-printemps-2026\/","og_site_name":"L&#039;Arqu\u00e9e Libre - Fred Vionnet entraineur\/moniteur escalade","article_publisher":"https:\/\/www.facebook.com\/grimpisme\/","article_modified_time":"2026-04-06T13:49:50+00:00","og_image":[{"width":470,"height":585,"url":"https:\/\/www.escalade.pro\/news\/wp-content\/uploads\/2026\/03\/test.jpg","type":"image\/jpeg"}],"twitter_card":"summary_large_image","twitter_misc":{"Dur\u00e9e de lecture estim\u00e9e":"3 minutes"},"schema":{"@context":"https:\/\/schema.org","@graph":[{"@type":"WebPage","@id":"https:\/\/www.escalade.pro\/news\/entrainement-falaise-printemps-2026\/","url":"https:\/\/www.escalade.pro\/news\/entrainement-falaise-printemps-2026\/","name":"Entrainement escalade falaise 74 mai-juin 26 - Grimpisme","isPartOf":{"@id":"https:\/\/www.escalade.pro\/news\/#website"},"primaryImageOfPage":{"@id":"https:\/\/www.escalade.pro\/news\/entrainement-falaise-printemps-2026\/#primaryimage"},"image":{"@id":"https:\/\/www.escalade.pro\/news\/entrainement-falaise-printemps-2026\/#primaryimage"},"thumbnailUrl":"https:\/\/www.escalade.pro\/news\/wp-content\/uploads\/2026\/03\/test.jpg","datePublished":"2026-03-24T17:48:10+00:00","dateModified":"2026-04-06T13:49:50+00:00","description":"Six apr\u00e8s midi de coaching en falaise sur la vall\u00e9e de l'Arve, pour les grimpeurs de 6b \u00e0 7a. Au printemps 2026. Coaching technique + mental.","breadcrumb":{"@id":"https:\/\/www.escalade.pro\/news\/entrainement-falaise-printemps-2026\/#breadcrumb"},"inLanguage":"fr-FR","potentialAction":[{"@type":"ReadAction","target":["https:\/\/www.escalade.pro\/news\/entrainement-falaise-printemps-2026\/"]}]},{"@type":"ImageObject","inLanguage":"fr-FR","@id":"https:\/\/www.escalade.pro\/news\/entrainement-falaise-printemps-2026\/#primaryimage","url":"https:\/\/www.escalade.pro\/news\/wp-content\/uploads\/2026\/03\/test.jpg","contentUrl":"https:\/\/www.escalade.pro\/news\/wp-content\/uploads\/2026\/03\/test.jpg","width":470,"height":585,"caption":"entrainement escalade falaise haute savoie"},{"@type":"BreadcrumbList","@id":"https:\/\/www.escalade.pro\/news\/entrainement-falaise-printemps-2026\/#breadcrumb","itemListElement":[{"@type":"ListItem","position":1,"name":"Accueil","item":"https:\/\/www.escalade.pro\/news\/"},{"@type":"ListItem","position":2,"name":"Entra\u00eenement falaise 6b-7b printemps 2026 (Haute Savoie)"}]},{"@type":"WebSite","@id":"https:\/\/www.escalade.pro\/news\/#website","url":"https:\/\/www.escalade.pro\/news\/","name":"L&#039;Arqu\u00e9e Libre - Fred Vionnet entraineur\/moniteur escalade","description":"Coaching et entrainement escalade. Buoux, C\u00e9\u00fcse et Fontainebleau.","publisher":{"@id":"https:\/\/www.escalade.pro\/news\/#organization"},"potentialAction":[{"@type":"SearchAction","target":{"@type":"EntryPoint","urlTemplate":"https:\/\/www.escalade.pro\/news\/?s={search_term_string}"},"query-input":{"@type":"PropertyValueSpecification","valueRequired":true,"valueName":"search_term_string"}}],"inLanguage":"fr-FR"},{"@type":"Organization","@id":"https:\/\/www.escalade.pro\/news\/#organization","name":"L&#039;Arqu\u00e9e Libre - Fred Vionnet entraineur\/moniteur escalade","url":"https:\/\/www.escalade.pro\/news\/","logo":{"@type":"ImageObject","inLanguage":"fr-FR","@id":"https:\/\/www.escalade.pro\/news\/#\/schema\/logo\/image\/","url":"https:\/\/www.escalade.pro\/news\/wp-content\/uploads\/2026\/04\/logo-wp-AL-avril-2026-1.jpg","contentUrl":"https:\/\/www.escalade.pro\/news\/wp-content\/uploads\/2026\/04\/logo-wp-AL-avril-2026-1.jpg","width":1955,"height":902,"caption":"L&#039;Arqu\u00e9e Libre - Fred Vionnet entraineur\/moniteur escalade"},"image":{"@id":"https:\/\/www.escalade.pro\/news\/#\/schema\/logo\/image\/"},"sameAs":["https:\/\/www.facebook.com\/grimpisme\/","https:\/\/www.instagram.com\/grimpisme\/","https:\/\/www.linkedin.com\/in\/fred-vionnet-6284b96a\/","https:\/\/fr.pinterest.com\/grimpisme\/","https:\/\/www.youtube.com\/@grimpisme"]}]}},"jetpack_sharing_enabled":true,"jetpack_shortlink":"https:\/\/wp.me\/P68Rw6-7Cu","jetpack-related-posts":[{"id":22685,"url":"https:\/\/www.escalade.pro\/news\/formation-preparation-mentale-escalade\/","url_meta":{"origin":29294,"position":0},"title":"Formation \u00ab\u00a0Entra\u00eenement mental, confiance et peur de la chute\u00a0\u00bb &#8211; La \u00ab\u00a0peur du vol\u00a0\u00bb, et plus encore!","author":"Fred Vionnet","date":"26 mars 2023","format":false,"excerpt":"Plaisir, confiance et progression : apprendre \u00e0 se concentrer et \u00e0 accepter ses peurs lors de la grimpe en falaise.","rel":"","context":"Article similaire","block_context":{"text":"Article similaire","link":""},"img":{"alt_text":"peur vol escalade","src":"https:\/\/i0.wp.com\/www.escalade.pro\/news\/wp-content\/uploads\/2019\/01\/68732_444307377012_3060098_n.jpg?resize=350%2C200&ssl=1","width":350,"height":200},"classes":[]},{"id":27461,"url":"https:\/\/www.escalade.pro\/news\/entrainements-collectifs-automne-2025-printemps-26\/","url_meta":{"origin":29294,"position":1},"title":"Entra\u00eenements collectifs escalade automne 2025 &#8211; printemps 2026","author":"Fred Vionnet","date":"9 juin 2025","format":false,"excerpt":"Entrainements collectifs escalade \u00e0 l'Arqu\u00e9e Libre (Magland). Pour les bloqueurs et les falaisistes, le soir en semaine. Groupes de 5 grimpeurs maximum. Mais aussi des entra\u00eenements escalade en falaise le samedi apr\u00e8s-midi.","rel":"","context":"Article similaire","block_context":{"text":"Article similaire","link":""},"img":{"alt_text":"entrainement collectif escalade arquee libre","src":"https:\/\/i0.wp.com\/www.escalade.pro\/news\/wp-content\/uploads\/2025\/06\/entrainement-collectif-2025-26-2.jpg?resize=350%2C200&ssl=1","width":350,"height":200},"classes":[]},{"id":77,"url":"https:\/\/www.escalade.pro\/news\/initiation-escalade\/","url_meta":{"origin":29294,"position":2},"title":"Initiation escalade","author":"Fred Vionnet","date":"6 f\u00e9vrier 2014","format":false,"excerpt":"D\u00e8s l'\u00e2ge de 6 ans, il est possible de d\u00e9couvrir l'escalade. Apprendre le noeud de huit, assurer son partenaire, s'asseoir dans le baudrier pour descendre et donc faire confiance \u00e0 son partenaire... toutes ces d\u00e9couvertes et premi\u00e8res \u00e9motions restent inoubliables.","rel":"","context":"Article similaire","block_context":{"text":"Article similaire","link":""},"img":{"alt_text":"initiation escalade","src":"https:\/\/i0.wp.com\/www.escalade.pro\/news\/wp-content\/uploads\/2018\/08\/initiation-escalade.jpg?resize=350%2C200&ssl=1","width":350,"height":200},"classes":[]},{"id":13624,"url":"https:\/\/www.escalade.pro\/news\/coaching-escalade\/","url_meta":{"origin":29294,"position":3},"title":"Coaching escalade, diff\u00e9rentes formules pour une progression personnalis\u00e9e","author":"Fred Vionnet","date":"6 f\u00e9vrier 2017","format":false,"excerpt":"Progresser en escalade gr\u00e2ce au coaching personnalis\u00e9. Entrainement physique, technique, tactique et mental.","rel":"","context":"Article similaire","block_context":{"text":"Article similaire","link":""},"img":{"alt_text":"salle escalade arquee libre chamonix climbing gym","src":"https:\/\/i0.wp.com\/www.escalade.pro\/news\/wp-content\/uploads\/2025\/04\/WhatsApp-Image-2025-04-20-at-20.45.13-2.jpg?resize=350%2C200&ssl=1","width":350,"height":200,"srcset":"https:\/\/i0.wp.com\/www.escalade.pro\/news\/wp-content\/uploads\/2025\/04\/WhatsApp-Image-2025-04-20-at-20.45.13-2.jpg?resize=350%2C200&ssl=1 1x, https:\/\/i0.wp.com\/www.escalade.pro\/news\/wp-content\/uploads\/2025\/04\/WhatsApp-Image-2025-04-20-at-20.45.13-2.jpg?resize=525%2C300&ssl=1 1.5x, https:\/\/i0.wp.com\/www.escalade.pro\/news\/wp-content\/uploads\/2025\/04\/WhatsApp-Image-2025-04-20-at-20.45.13-2.jpg?resize=700%2C400&ssl=1 2x"},"classes":[]},{"id":7857,"url":"https:\/\/www.escalade.pro\/news\/autonomie\/","url_meta":{"origin":29294,"position":4},"title":"Autonomie et s\u00e9curit\u00e9 rocher: bloc, falaise et grandes voies","author":"Fred Vionnet","date":"4 mars 2016","format":false,"excerpt":"Cette rubrique perfectionnement escalade concerne la gestion de la s\u00e9curit\u00e9 et des manipulations de cordes ou de mat\u00e9riel technique (bloc, falaise et grandes voies).","rel":"","context":"Article similaire","block_context":{"text":"Article similaire","link":""},"img":{"alt_text":"cours autonomie escalade","src":"https:\/\/i0.wp.com\/www.escalade.pro\/news\/wp-content\/uploads\/2020\/08\/P1070083-300x225.jpg?resize=350%2C200&ssl=1","width":350,"height":200},"classes":[]},{"id":15579,"url":"https:\/\/www.escalade.pro\/news\/planning-cours-stages\/","url_meta":{"origin":29294,"position":5},"title":"Weekends et stages escalade","author":"Fred Vionnet","date":"16 mars 2018","format":false,"excerpt":"D\u00e9couvrez le planning des stages et weekends d'escalade de Grimpisme. Buoux, Fontainebleau, C\u00e9\u00fcse, gorges du Verdon, ...","rel":"","context":"Article similaire","block_context":{"text":"Article similaire","link":""},"img":{"alt_text":"planning stages escalade","src":"https:\/\/i0.wp.com\/www.escalade.pro\/news\/wp-content\/uploads\/2019\/01\/planning.jpg?resize=350%2C200&ssl=1","width":350,"height":200,"srcset":"https:\/\/i0.wp.com\/www.escalade.pro\/news\/wp-content\/uploads\/2019\/01\/planning.jpg?resize=350%2C200&ssl=1 1x, https:\/\/i0.wp.com\/www.escalade.pro\/news\/wp-content\/uploads\/2019\/01\/planning.jpg?resize=525%2C300&ssl=1 1.5x, https:\/\/i0.wp.com\/www.escalade.pro\/news\/wp-content\/uploads\/2019\/01\/planning.jpg?resize=700%2C400&ssl=1 2x"},"classes":[]}],"_links":{"self":[{"href":"https:\/\/www.escalade.pro\/news\/wp-json\/wp\/v2\/pages\/29294","targetHints":{"allow":["GET"]}}],"collection":[{"href":"https:\/\/www.escalade.pro\/news\/wp-json\/wp\/v2\/pages"}],"about":[{"href":"https:\/\/www.escalade.pro\/news\/wp-json\/wp\/v2\/types\/page"}],"author":[{"embeddable":true,"href":"https:\/\/www.escalade.pro\/news\/wp-json\/wp\/v2\/users\/1"}],"replies":[{"embeddable":true,"href":"https:\/\/www.escalade.pro\/news\/wp-json\/wp\/v2\/comments?post=29294"}],"version-history":[{"count":17,"href":"https:\/\/www.escalade.pro\/news\/wp-json\/wp\/v2\/pages\/29294\/revisions"}],"predecessor-version":[{"id":29399,"href":"https:\/\/www.escalade.pro\/news\/wp-json\/wp\/v2\/pages\/29294\/revisions\/29399"}],"wp:featuredmedia":[{"embeddable":true,"href":"https:\/\/www.escalade.pro\/news\/wp-json\/wp\/v2\/media\/29299"}],"wp:attachment":[{"href":"https:\/\/www.escalade.pro\/news\/wp-json\/wp\/v2\/media?parent=29294"}],"curies":[{"name":"wp","href":"https:\/\/api.w.org\/{rel}","templated":true}]}}