{"id":17661,"date":"2019-01-28T10:51:47","date_gmt":"2019-01-28T09:51:47","guid":{"rendered":"https:\/\/www.escalade.pro\/news\/?page_id=17661"},"modified":"2025-08-04T08:12:08","modified_gmt":"2025-08-04T06:12:08","slug":"english","status":"publish","type":"page","link":"https:\/\/www.escalade.pro\/news\/english\/","title":{"rendered":"Grimpisme, in english too!"},"content":{"rendered":"<p>Sorry, my website is not yet english translated.<br \/>\nAnyway, if you&rsquo;re looking for a rock climbing coach, contact me! I will be pleased to share good moments with you.<br \/>\nMy english is ok (Kirsten, my wife, is english).<br \/>\n<a href=\"https:\/\/www.escalade.pro\/news\/fred-vionnet\/\">Fred Vionnet<\/a><\/p>\n<p>Cell phone: +33 687 12 36 00 (or Whatsapp)<br \/>\nEmail: info@grimpisme.com<\/p>\n","protected":false},"excerpt":{"rendered":"<p>Fred Vionnet, rock climbing coach in Haute Savoie, Mont Blanc and Geneva region (France). Bouldering, sports climbing and multi pitch.<\/p>\n","protected":false},"author":1,"featured_media":0,"parent":0,"menu_order":0,"comment_status":"closed","ping_status":"closed","template":"","meta":{"colormag_page_container_layout":"no_sidebar_full_width","colormag_page_sidebar_layout":"no_sidebar","_monsterinsights_skip_tracking":false,"_monsterinsights_sitenote_active":false,"_monsterinsights_sitenote_note":"","_monsterinsights_sitenote_category":0,"ngg_post_thumbnail":0,"jetpack_post_was_ever_published":false,"footnotes":""},"class_list":["post-17661","page","type-page","status-publish","hentry"],"yoast_head":"<!-- This site is optimized with the Yoast SEO plugin v27.5 - https:\/\/yoast.com\/product\/yoast-seo-wordpress\/ -->\n<title>Grimpisme - Fred Vionnet, rock climbing coach, Chamonix region<\/title>\n<meta name=\"description\" content=\"Fred Vionnet, rock climbing coach in Haute Savoie, Mont Blanc and Geneva region (France). Bouldering, sports climbing and multi pitch.\" \/>\n<meta name=\"robots\" content=\"index, follow, max-snippet:-1, max-image-preview:large, max-video-preview:-1\" \/>\n<link rel=\"canonical\" href=\"https:\/\/www.escalade.pro\/news\/english\/\" \/>\n<meta property=\"og:locale\" content=\"fr_FR\" \/>\n<meta property=\"og:type\" content=\"article\" \/>\n<meta property=\"og:title\" content=\"Grimpisme - Fred Vionnet, rock climbing coach, Chamonix region\" \/>\n<meta property=\"og:description\" content=\"Fred Vionnet, rock climbing coach in Haute Savoie, Mont Blanc and Geneva region (France). Bouldering, sports climbing and multi pitch.\" \/>\n<meta property=\"og:url\" content=\"https:\/\/www.escalade.pro\/news\/english\/\" \/>\n<meta property=\"og:site_name\" content=\"L&#039;Arqu\u00e9e Libre - Fred Vionnet entraineur\/moniteur escalade\" \/>\n<meta property=\"article:publisher\" content=\"https:\/\/www.facebook.com\/grimpisme\/\" \/>\n<meta property=\"article:modified_time\" content=\"2025-08-04T06:12:08+00:00\" \/>\n<meta name=\"twitter:card\" content=\"summary_large_image\" \/>\n<meta name=\"twitter:label1\" content=\"Dur\u00e9e de lecture estim\u00e9e\" \/>\n\t<meta name=\"twitter:data1\" content=\"1 minute\" \/>\n<script type=\"application\/ld+json\" class=\"yoast-schema-graph\">{\"@context\":\"https:\\\/\\\/schema.org\",\"@graph\":[{\"@type\":\"WebPage\",\"@id\":\"https:\\\/\\\/www.escalade.pro\\\/news\\\/english\\\/\",\"url\":\"https:\\\/\\\/www.escalade.pro\\\/news\\\/english\\\/\",\"name\":\"Grimpisme - Fred Vionnet, rock climbing coach, Chamonix region\",\"isPartOf\":{\"@id\":\"https:\\\/\\\/www.escalade.pro\\\/news\\\/#website\"},\"datePublished\":\"2019-01-28T09:51:47+00:00\",\"dateModified\":\"2025-08-04T06:12:08+00:00\",\"description\":\"Fred Vionnet, rock climbing coach in Haute Savoie, Mont Blanc and Geneva region (France). Bouldering, sports climbing and multi pitch.\",\"breadcrumb\":{\"@id\":\"https:\\\/\\\/www.escalade.pro\\\/news\\\/english\\\/#breadcrumb\"},\"inLanguage\":\"fr-FR\",\"potentialAction\":[{\"@type\":\"ReadAction\",\"target\":[\"https:\\\/\\\/www.escalade.pro\\\/news\\\/english\\\/\"]}]},{\"@type\":\"BreadcrumbList\",\"@id\":\"https:\\\/\\\/www.escalade.pro\\\/news\\\/english\\\/#breadcrumb\",\"itemListElement\":[{\"@type\":\"ListItem\",\"position\":1,\"name\":\"Accueil\",\"item\":\"https:\\\/\\\/www.escalade.pro\\\/news\\\/\"},{\"@type\":\"ListItem\",\"position\":2,\"name\":\"Grimpisme, in english too!\"}]},{\"@type\":\"WebSite\",\"@id\":\"https:\\\/\\\/www.escalade.pro\\\/news\\\/#website\",\"url\":\"https:\\\/\\\/www.escalade.pro\\\/news\\\/\",\"name\":\"L&#039;Arqu\u00e9e Libre - Fred Vionnet entraineur\\\/moniteur escalade\",\"description\":\"Coaching et entrainement escalade. Buoux, C\u00e9\u00fcse et Fontainebleau.\",\"publisher\":{\"@id\":\"https:\\\/\\\/www.escalade.pro\\\/news\\\/#organization\"},\"potentialAction\":[{\"@type\":\"SearchAction\",\"target\":{\"@type\":\"EntryPoint\",\"urlTemplate\":\"https:\\\/\\\/www.escalade.pro\\\/news\\\/?s={search_term_string}\"},\"query-input\":{\"@type\":\"PropertyValueSpecification\",\"valueRequired\":true,\"valueName\":\"search_term_string\"}}],\"inLanguage\":\"fr-FR\"},{\"@type\":\"Organization\",\"@id\":\"https:\\\/\\\/www.escalade.pro\\\/news\\\/#organization\",\"name\":\"L&#039;Arqu\u00e9e Libre - Fred Vionnet entraineur\\\/moniteur escalade\",\"url\":\"https:\\\/\\\/www.escalade.pro\\\/news\\\/\",\"logo\":{\"@type\":\"ImageObject\",\"inLanguage\":\"fr-FR\",\"@id\":\"https:\\\/\\\/www.escalade.pro\\\/news\\\/#\\\/schema\\\/logo\\\/image\\\/\",\"url\":\"https:\\\/\\\/www.escalade.pro\\\/news\\\/wp-content\\\/uploads\\\/2026\\\/04\\\/logo-wp-AL-avril-2026-1.jpg\",\"contentUrl\":\"https:\\\/\\\/www.escalade.pro\\\/news\\\/wp-content\\\/uploads\\\/2026\\\/04\\\/logo-wp-AL-avril-2026-1.jpg\",\"width\":1955,\"height\":902,\"caption\":\"L&#039;Arqu\u00e9e Libre - Fred Vionnet entraineur\\\/moniteur escalade\"},\"image\":{\"@id\":\"https:\\\/\\\/www.escalade.pro\\\/news\\\/#\\\/schema\\\/logo\\\/image\\\/\"},\"sameAs\":[\"https:\\\/\\\/www.facebook.com\\\/grimpisme\\\/\",\"https:\\\/\\\/www.instagram.com\\\/grimpisme\\\/\",\"https:\\\/\\\/www.linkedin.com\\\/in\\\/fred-vionnet-6284b96a\\\/\",\"https:\\\/\\\/fr.pinterest.com\\\/grimpisme\\\/\",\"https:\\\/\\\/www.youtube.com\\\/@grimpisme\"]}]}<\/script>\n<!-- \/ Yoast SEO plugin. -->","yoast_head_json":{"title":"Grimpisme - Fred Vionnet, rock climbing coach, Chamonix region","description":"Fred Vionnet, rock climbing coach in Haute Savoie, Mont Blanc and Geneva region (France). Bouldering, sports climbing and multi pitch.","robots":{"index":"index","follow":"follow","max-snippet":"max-snippet:-1","max-image-preview":"max-image-preview:large","max-video-preview":"max-video-preview:-1"},"canonical":"https:\/\/www.escalade.pro\/news\/english\/","og_locale":"fr_FR","og_type":"article","og_title":"Grimpisme - Fred Vionnet, rock climbing coach, Chamonix region","og_description":"Fred Vionnet, rock climbing coach in Haute Savoie, Mont Blanc and Geneva region (France). Bouldering, sports climbing and multi pitch.","og_url":"https:\/\/www.escalade.pro\/news\/english\/","og_site_name":"L&#039;Arqu\u00e9e Libre - Fred Vionnet entraineur\/moniteur escalade","article_publisher":"https:\/\/www.facebook.com\/grimpisme\/","article_modified_time":"2025-08-04T06:12:08+00:00","twitter_card":"summary_large_image","twitter_misc":{"Dur\u00e9e de lecture estim\u00e9e":"1 minute"},"schema":{"@context":"https:\/\/schema.org","@graph":[{"@type":"WebPage","@id":"https:\/\/www.escalade.pro\/news\/english\/","url":"https:\/\/www.escalade.pro\/news\/english\/","name":"Grimpisme - Fred Vionnet, rock climbing coach, Chamonix region","isPartOf":{"@id":"https:\/\/www.escalade.pro\/news\/#website"},"datePublished":"2019-01-28T09:51:47+00:00","dateModified":"2025-08-04T06:12:08+00:00","description":"Fred Vionnet, rock climbing coach in Haute Savoie, Mont Blanc and Geneva region (France). Bouldering, sports climbing and multi pitch.","breadcrumb":{"@id":"https:\/\/www.escalade.pro\/news\/english\/#breadcrumb"},"inLanguage":"fr-FR","potentialAction":[{"@type":"ReadAction","target":["https:\/\/www.escalade.pro\/news\/english\/"]}]},{"@type":"BreadcrumbList","@id":"https:\/\/www.escalade.pro\/news\/english\/#breadcrumb","itemListElement":[{"@type":"ListItem","position":1,"name":"Accueil","item":"https:\/\/www.escalade.pro\/news\/"},{"@type":"ListItem","position":2,"name":"Grimpisme, in english too!"}]},{"@type":"WebSite","@id":"https:\/\/www.escalade.pro\/news\/#website","url":"https:\/\/www.escalade.pro\/news\/","name":"L&#039;Arqu\u00e9e Libre - Fred Vionnet entraineur\/moniteur escalade","description":"Coaching et entrainement escalade. Buoux, C\u00e9\u00fcse et Fontainebleau.","publisher":{"@id":"https:\/\/www.escalade.pro\/news\/#organization"},"potentialAction":[{"@type":"SearchAction","target":{"@type":"EntryPoint","urlTemplate":"https:\/\/www.escalade.pro\/news\/?s={search_term_string}"},"query-input":{"@type":"PropertyValueSpecification","valueRequired":true,"valueName":"search_term_string"}}],"inLanguage":"fr-FR"},{"@type":"Organization","@id":"https:\/\/www.escalade.pro\/news\/#organization","name":"L&#039;Arqu\u00e9e Libre - Fred Vionnet entraineur\/moniteur escalade","url":"https:\/\/www.escalade.pro\/news\/","logo":{"@type":"ImageObject","inLanguage":"fr-FR","@id":"https:\/\/www.escalade.pro\/news\/#\/schema\/logo\/image\/","url":"https:\/\/www.escalade.pro\/news\/wp-content\/uploads\/2026\/04\/logo-wp-AL-avril-2026-1.jpg","contentUrl":"https:\/\/www.escalade.pro\/news\/wp-content\/uploads\/2026\/04\/logo-wp-AL-avril-2026-1.jpg","width":1955,"height":902,"caption":"L&#039;Arqu\u00e9e Libre - Fred Vionnet entraineur\/moniteur escalade"},"image":{"@id":"https:\/\/www.escalade.pro\/news\/#\/schema\/logo\/image\/"},"sameAs":["https:\/\/www.facebook.com\/grimpisme\/","https:\/\/www.instagram.com\/grimpisme\/","https:\/\/www.linkedin.com\/in\/fred-vionnet-6284b96a\/","https:\/\/fr.pinterest.com\/grimpisme\/","https:\/\/www.youtube.com\/@grimpisme"]}]}},"jetpack_sharing_enabled":false,"jetpack_shortlink":"https:\/\/wp.me\/P68Rw6-4AR","jetpack-related-posts":[{"id":40,"url":"https:\/\/www.escalade.pro\/news\/fred-vionnet\/","url_meta":{"origin":17661,"position":0},"title":"Fred Vionnet, entraineur, coach et moniteur escalade","author":"Fred Vionnet","date":"21 juillet 2013","format":false,"excerpt":"Fred Vionnet, grimpeur de haut niveau (Champion de France junior 2013 de difficult\u00e9), coach et entra\u00eeneur escalade.","rel":"","context":"Avec 4 commentaires","block_context":{"text":"Avec 4 commentaires","link":"https:\/\/www.escalade.pro\/news\/fred-vionnet\/#comments"},"img":{"alt_text":"escalade stage buoux","src":"https:\/\/i0.wp.com\/www.escalade.pro\/news\/wp-content\/uploads\/2022\/04\/DSC00222.jpg?resize=350%2C200&ssl=1","width":350,"height":200,"srcset":"https:\/\/i0.wp.com\/www.escalade.pro\/news\/wp-content\/uploads\/2022\/04\/DSC00222.jpg?resize=350%2C200&ssl=1 1x, https:\/\/i0.wp.com\/www.escalade.pro\/news\/wp-content\/uploads\/2022\/04\/DSC00222.jpg?resize=525%2C300&ssl=1 1.5x, https:\/\/i0.wp.com\/www.escalade.pro\/news\/wp-content\/uploads\/2022\/04\/DSC00222.jpg?resize=700%2C400&ssl=1 2x, https:\/\/i0.wp.com\/www.escalade.pro\/news\/wp-content\/uploads\/2022\/04\/DSC00222.jpg?resize=1050%2C600&ssl=1 3x, https:\/\/i0.wp.com\/www.escalade.pro\/news\/wp-content\/uploads\/2022\/04\/DSC00222.jpg?resize=1400%2C800&ssl=1 4x"},"classes":[]},{"id":28940,"url":"https:\/\/www.escalade.pro\/news\/archives-2025\/","url_meta":{"origin":17661,"position":1},"title":"Archives 2025","author":"Fred Vionnet","date":"5 janvier 2026","format":false,"excerpt":"Les archives 2025 de mes activit\u00e9s de coach et entraineur escalade. Photos, vid\u00e9os, articles, conseils entrainement, etc.","rel":"","context":"Article similaire","block_context":{"text":"Article similaire","link":""},"img":{"alt_text":"escalade haute savoie climbing","src":"https:\/\/i0.wp.com\/www.escalade.pro\/news\/wp-content\/uploads\/2025\/11\/IMG_5833.jpg?resize=350%2C200&ssl=1","width":350,"height":200,"srcset":"https:\/\/i0.wp.com\/www.escalade.pro\/news\/wp-content\/uploads\/2025\/11\/IMG_5833.jpg?resize=350%2C200&ssl=1 1x, https:\/\/i0.wp.com\/www.escalade.pro\/news\/wp-content\/uploads\/2025\/11\/IMG_5833.jpg?resize=525%2C300&ssl=1 1.5x, https:\/\/i0.wp.com\/www.escalade.pro\/news\/wp-content\/uploads\/2025\/11\/IMG_5833.jpg?resize=700%2C400&ssl=1 2x"},"classes":[]},{"id":18007,"url":"https:\/\/www.escalade.pro\/news\/photos-videos\/","url_meta":{"origin":17661,"position":2},"title":"Mon actu d&rsquo;entraineur escalade, moniteur et grimpeur au quotidien","author":"Fred Vionnet","date":"16 mai 2019","format":false,"excerpt":"Cette page, c'est mon compte Instagram, en direct. Pour suivre mon actualit\u00e9 et mes activit\u00e9s au quotidien, ou presque. Je partage aussi des vid\u00e9os ou autres contenus qui m'int\u00e9ressent. C'est donc plus personnel que le \"politiquement correct\/incorrect\" des r\u00e9seaux sociaux. Actus 2025 via ce lien, 2024 ici, 2023 par l\u00e0.\u2026","rel":"","context":"Article similaire","block_context":{"text":"Article similaire","link":""},"img":{"alt_text":"escalade bloc entrainement","src":"https:\/\/i0.wp.com\/www.escalade.pro\/news\/wp-content\/uploads\/2024\/12\/IMG_4289.jpg?resize=350%2C200&ssl=1","width":350,"height":200,"srcset":"https:\/\/i0.wp.com\/www.escalade.pro\/news\/wp-content\/uploads\/2024\/12\/IMG_4289.jpg?resize=350%2C200&ssl=1 1x, https:\/\/i0.wp.com\/www.escalade.pro\/news\/wp-content\/uploads\/2024\/12\/IMG_4289.jpg?resize=525%2C300&ssl=1 1.5x, https:\/\/i0.wp.com\/www.escalade.pro\/news\/wp-content\/uploads\/2024\/12\/IMG_4289.jpg?resize=700%2C400&ssl=1 2x"},"classes":[]},{"id":24430,"url":"https:\/\/www.escalade.pro\/news\/archives-2023\/","url_meta":{"origin":17661,"position":3},"title":"Archives 2023","author":"Fred Vionnet","date":"4 janvier 2024","format":false,"excerpt":"Les archives de mon actualit\u00e9 sur l'ann\u00e9e 2023. Grimpe, escalade, articles, avis, tests, photos, vid\u00e9os et analyses.","rel":"","context":"Article similaire","block_context":{"text":"Article similaire","link":""},"img":{"alt_text":"escalade climbing saint leger du ventoux","src":"https:\/\/i0.wp.com\/www.escalade.pro\/news\/wp-content\/uploads\/2023\/10\/IMG_2563-scaled.jpg?resize=350%2C200&ssl=1","width":350,"height":200,"srcset":"https:\/\/i0.wp.com\/www.escalade.pro\/news\/wp-content\/uploads\/2023\/10\/IMG_2563-scaled.jpg?resize=350%2C200&ssl=1 1x, https:\/\/i0.wp.com\/www.escalade.pro\/news\/wp-content\/uploads\/2023\/10\/IMG_2563-scaled.jpg?resize=525%2C300&ssl=1 1.5x, https:\/\/i0.wp.com\/www.escalade.pro\/news\/wp-content\/uploads\/2023\/10\/IMG_2563-scaled.jpg?resize=700%2C400&ssl=1 2x, https:\/\/i0.wp.com\/www.escalade.pro\/news\/wp-content\/uploads\/2023\/10\/IMG_2563-scaled.jpg?resize=1050%2C600&ssl=1 3x, https:\/\/i0.wp.com\/www.escalade.pro\/news\/wp-content\/uploads\/2023\/10\/IMG_2563-scaled.jpg?resize=1400%2C800&ssl=1 4x"},"classes":[]},{"id":19497,"url":"https:\/\/www.escalade.pro\/news\/weekend-progression-escalade-buoux\/","url_meta":{"origin":17661,"position":4},"title":"Weekend progression escalade \u00e0 Buoux","author":"Fred Vionnet","date":"14 juillet 2020","format":false,"excerpt":"On y trouve beaucoup de voies, int\u00e9ressantes pour leur tr\u00e8s grande majorit\u00e9, et ce d\u00e8s le 5c. Bien s\u00fbr l\u2019escalade sur ce rocher \u00e0 trous est exigeante, technique, demande calme et anticipation. Car ici on ne consomme pas, on apprend et on savoure.","rel":"","context":"Article similaire","block_context":{"text":"Article similaire","link":""},"img":{"alt_text":"stage escalade buoux","src":"https:\/\/i0.wp.com\/www.escalade.pro\/news\/wp-content\/uploads\/2019\/01\/escalade_buoux-1.jpg?resize=350%2C200&ssl=1","width":350,"height":200},"classes":[]},{"id":22953,"url":"https:\/\/www.escalade.pro\/news\/archives-actus-2022\/","url_meta":{"origin":17661,"position":5},"title":"Archives actus 2022, et ann\u00e9es pr\u00e9c\u00e9dentes","author":"Fred Vionnet","date":"7 juin 2023","format":false,"excerpt":"Les archives de mes actus sur l\u2019ann\u00e9e 2022 et les ann\u00e9es pr\u00e9c\u00e9dentes.","rel":"","context":"Article similaire","block_context":{"text":"Article similaire","link":""},"img":{"alt_text":"escalade buoux climbing stage weekend","src":"https:\/\/i0.wp.com\/www.escalade.pro\/news\/wp-content\/uploads\/2023\/04\/WhatsApp-Image-2023-04-12-at-20.09.17.jpg?resize=350%2C200&ssl=1","width":350,"height":200,"srcset":"https:\/\/i0.wp.com\/www.escalade.pro\/news\/wp-content\/uploads\/2023\/04\/WhatsApp-Image-2023-04-12-at-20.09.17.jpg?resize=350%2C200&ssl=1 1x, https:\/\/i0.wp.com\/www.escalade.pro\/news\/wp-content\/uploads\/2023\/04\/WhatsApp-Image-2023-04-12-at-20.09.17.jpg?resize=525%2C300&ssl=1 1.5x, https:\/\/i0.wp.com\/www.escalade.pro\/news\/wp-content\/uploads\/2023\/04\/WhatsApp-Image-2023-04-12-at-20.09.17.jpg?resize=700%2C400&ssl=1 2x, https:\/\/i0.wp.com\/www.escalade.pro\/news\/wp-content\/uploads\/2023\/04\/WhatsApp-Image-2023-04-12-at-20.09.17.jpg?resize=1050%2C600&ssl=1 3x, https:\/\/i0.wp.com\/www.escalade.pro\/news\/wp-content\/uploads\/2023\/04\/WhatsApp-Image-2023-04-12-at-20.09.17.jpg?resize=1400%2C800&ssl=1 4x"},"classes":[]}],"_links":{"self":[{"href":"https:\/\/www.escalade.pro\/news\/wp-json\/wp\/v2\/pages\/17661","targetHints":{"allow":["GET"]}}],"collection":[{"href":"https:\/\/www.escalade.pro\/news\/wp-json\/wp\/v2\/pages"}],"about":[{"href":"https:\/\/www.escalade.pro\/news\/wp-json\/wp\/v2\/types\/page"}],"author":[{"embeddable":true,"href":"https:\/\/www.escalade.pro\/news\/wp-json\/wp\/v2\/users\/1"}],"replies":[{"embeddable":true,"href":"https:\/\/www.escalade.pro\/news\/wp-json\/wp\/v2\/comments?post=17661"}],"version-history":[{"count":11,"href":"https:\/\/www.escalade.pro\/news\/wp-json\/wp\/v2\/pages\/17661\/revisions"}],"predecessor-version":[{"id":27934,"href":"https:\/\/www.escalade.pro\/news\/wp-json\/wp\/v2\/pages\/17661\/revisions\/27934"}],"wp:attachment":[{"href":"https:\/\/www.escalade.pro\/news\/wp-json\/wp\/v2\/media?parent=17661"}],"curies":[{"name":"wp","href":"https:\/\/api.w.org\/{rel}","templated":true}]}}