{"id":15575,"date":"2018-03-16T19:07:12","date_gmt":"2018-03-16T18:07:12","guid":{"rendered":"https:\/\/www.escalade.pro\/news\/?page_id=15575"},"modified":"2024-07-29T13:00:09","modified_gmt":"2024-07-29T11:00:09","slug":"grandes-voies","status":"publish","type":"page","link":"https:\/\/www.escalade.pro\/news\/grandes-voies\/","title":{"rendered":"Grandes voies"},"content":{"rendered":"<p><a href=\"https:\/\/www.escalade.pro\/news\/wp-content\/uploads\/2020\/07\/P1020292.jpg\"><img loading=\"lazy\" decoding=\"async\" class=\"size-medium wp-image-19459 alignright\" src=\"https:\/\/www.escalade.pro\/news\/wp-content\/uploads\/2020\/07\/P1020292-300x225.jpg\" alt=\"escalade sappey aravis\" width=\"300\" height=\"225\" srcset=\"https:\/\/www.escalade.pro\/news\/wp-content\/uploads\/2020\/07\/P1020292-300x225.jpg 300w, https:\/\/www.escalade.pro\/news\/wp-content\/uploads\/2020\/07\/P1020292-1024x768.jpg 1024w, https:\/\/www.escalade.pro\/news\/wp-content\/uploads\/2020\/07\/P1020292-768x576.jpg 768w, https:\/\/www.escalade.pro\/news\/wp-content\/uploads\/2020\/07\/P1020292-600x450.jpg 600w, https:\/\/www.escalade.pro\/news\/wp-content\/uploads\/2020\/07\/P1020292-400x300.jpg 400w, https:\/\/www.escalade.pro\/news\/wp-content\/uploads\/2020\/07\/P1020292.jpg 1200w\" sizes=\"auto, (max-width: 300px) 100vw, 300px\" \/><\/a>L&rsquo;escalade est un sport tellement vari\u00e9. On peut grimper sur un bout de caillou de deux m\u00e8tres, de vingt m\u00e8tres, mais aussi de deux cents m\u00e8tres (voir plus). Il est impossible et inutile de tenter de hi\u00e9rarchiser ces diff\u00e9rentes pratiques de notre sport en termes d\u2019int\u00e9r\u00eat ou d\u2019exigence. La grimpe en grande voie c\u2019est l\u2019engagement, le vide qui se creuse, le paysage qui s\u2019ouvre, les heures qui passent en immersion avec la nature, le ou les compagnons de cord\u00e9e, et sa concentration. Rien de tel pour se vider la t\u00eate.<\/p>\n<p><strong>Grimper en grande voie (c\u2019est \u00e0 dire sur plusieurs longueurs cons\u00e9cutives) n\u00e9cessite la ma\u00eetrise de techniques d\u2019assurage sp\u00e9cifiques telles que les relais ou encore la descente en rappel. Si vous chercher une formation sur ce th\u00e8me, rendez vous sur notre page <a href=\"https:\/\/www.escalade.pro\/news\/escalade\/autonomie\/\">autonomie<\/a>. <\/strong><\/p>\n<p><strong>Voir la page \u00ab\u00a0<a href=\"https:\/\/www.escalade.pro\/news\/planning-cours-stages\/\">Stages et weekends<\/a>\u00a0\u00bb pour organiser l&rsquo;ascension d&rsquo;une grande voie en dehors du Pays de Savoie.<\/strong><\/p>\n<p>Grimper en grande voie, c&rsquo;est aussi une fa\u00e7on tr\u00e8s efficace de s&rsquo;entra\u00eener (voir cet <a href=\"https:\/\/www.escalade.pro\/news\/entrainement-grande-voie-escalade\/\">article<\/a>).<\/p>\n<hr \/>\n<p>Voici quelques exemples d\u2019itin\u00e9raires dans lesquels je me ferai un plaisir de vous emmener grimper.<\/p>\n<h6><u>Exemples de grandes voies \u00e0 la demi-journ\u00e9e<\/u><\/h6>\n<p>&#8211; La dalle de la Frasse (Carroz).<br \/>\n&#8211; Les Gaillands.<br \/>\n&#8211; Falaise de la Duch\u00e8re (Contamines-Montjoie).<br \/>\n&#8211; Vallorcine.<br \/>\n&#8211; <a href=\"https:\/\/www.escalade.pro\/news\/arete-etiollets-saleve\/\">Ar\u00eate des Etiollets<\/a> au Sal\u00e8ve.<br \/>\n&#8211; \u201cPunk Not Dead\u201d \u00e0 la Balme.<\/p>\n<h6><u> Exemples de grandes voies \u00e0 la journ\u00e9e<\/u><\/h6>\n<p>&#8211; \u201cLa Nationale\u201d, <a href=\"https:\/\/www.escalade.pro\/news\/grande-voie-fil-ou-face-saleve\/\">\u201cFil ou Face\u201d<\/a> au Sal\u00e8ve.<br \/>\n&#8211; Les voies de la <a href=\"https:\/\/www.escalade.pro\/news\/dalle-rosiere-voie-capricorne\/\">Dalle de la Rosi\u00e8re<\/a>. <br \/>\n&#8211; <a href=\"https:\/\/www.escalade.pro\/news\/dalle-tuet-voie-lactee\/\">\u201cLa Voie Lact\u00e9e\u201d<\/a> \u00e0 la Dalle du Tuet. <br \/>\n&#8211; La <a href=\"https:\/\/www.escalade.pro\/news\/voie-franco-suisse-rochers-leschaux\/\">\u201cFranco-Suisse\u201d<\/a> aux Rochers de Leschaux. &#8211; La \u201cCosta\u201d aux Vuardes. <br \/>\n&#8211; <a href=\"https:\/\/www.escalade.pro\/news\/indiana-jaune-maladiere\/\">\u201cIndiana Jaune\u201d<\/a> \u00e0 la Maladi\u00e8re. <br \/>\n&#8211; Le \u201cMagicien d\u2019Oz\u201d ou le \u201cFant\u00f4me de l\u2019Opera\u201d \u00e0 <a href=\"https:\/\/www.escalade.pro\/news\/voie-fantome-opera-barberine\/\">Barberine<\/a>.<\/p>\n<h6><u> Exemples de grandes voies en dehors de la Haute Savoie<\/u><\/h6>\n<p>&#8211; <a href=\"https:\/\/www.escalade.pro\/news\/gorges-verdon-octobre2018\/\">Gorges du Verdon<\/a>.<br \/>\n&#8211; <a href=\"https:\/\/www.escalade.pro\/news\/cap-canaille-calanques-stage-escalade\/\">Calanques<\/a> de Marseille et Cassis. <br \/>\n&#8211; <a href=\"https:\/\/www.escalade.pro\/news\/stage-grandes-voies-orpierre-caf-74\/\">Orpierre<\/a>. <br \/>\n&#8211; Montagne de la Sainte Victoire. <br \/>\n&#8211; Gorges de la Jonte.<br \/>\nVoir la page \u00ab\u00a0<a href=\"https:\/\/www.escalade.pro\/news\/planning-cours-stages\/\">Stages et weekends<\/a>\u00a0\u00bb pour plus d&rsquo;infos.<\/p>\n<p><strong><u>Tarifs:<\/u> <\/strong> <br \/>\nDemi-journ\u00e9e \u00e0 partir de 190 euros suivant l\u2019engagement et la difficult\u00e9 de la voie (maxi 2 personnes, voir 1 suivant les itin\u00e9raires). <br \/>\nJourn\u00e9e \u00e0 partir de 340 euros suivant l\u2019engagement et la difficult\u00e9 de la voie (maxi 2 personnes, voir 1 suivant les itin\u00e9raires). <br \/>\nVoir <a href=\"https:\/\/www.escalade.pro\/news\/autres-2\/conditions-generales-vente\/\">conditions g\u00e9n\u00e9rales de vente<\/a>.<\/p>\n","protected":false},"excerpt":{"rendered":"<p>L&rsquo;escalade est un sport tellement vari\u00e9. On peut grimper sur un bout de caillou de deux m\u00e8tres, de vingt m\u00e8tres,<\/p>\n","protected":false},"author":1,"featured_media":17122,"parent":0,"menu_order":0,"comment_status":"closed","ping_status":"closed","template":"","meta":{"colormag_page_container_layout":"no_sidebar_full_width","colormag_page_sidebar_layout":"no_sidebar","_monsterinsights_skip_tracking":false,"_monsterinsights_sitenote_active":false,"_monsterinsights_sitenote_note":"","_monsterinsights_sitenote_category":0,"ngg_post_thumbnail":0,"jetpack_post_was_ever_published":false,"footnotes":""},"class_list":["post-15575","page","type-page","status-publish","has-post-thumbnail","hentry"],"yoast_head":"<!-- This site is optimized with the Yoast SEO plugin v27.5 - https:\/\/yoast.com\/product\/yoast-seo-wordpress\/ -->\n<title>Escalade en grandes voies - Grimpisme, entrainement et coaching<\/title>\n<meta name=\"description\" content=\"La grimpe en grande voie c\u2019est l\u2019engagement, le vide qui se creuse, le paysage qui s\u2019ouvre, l&#039;immersion avec la nature.\" \/>\n<meta name=\"robots\" content=\"index, follow, max-snippet:-1, max-image-preview:large, max-video-preview:-1\" \/>\n<link rel=\"canonical\" href=\"https:\/\/www.escalade.pro\/news\/grandes-voies\/\" \/>\n<meta property=\"og:locale\" content=\"fr_FR\" \/>\n<meta property=\"og:type\" content=\"article\" \/>\n<meta property=\"og:title\" content=\"Escalade en grandes voies - Grimpisme, entrainement et coaching\" \/>\n<meta property=\"og:description\" content=\"La grimpe en grande voie c\u2019est l\u2019engagement, le vide qui se creuse, le paysage qui s\u2019ouvre, l&#039;immersion avec la nature.\" \/>\n<meta property=\"og:url\" content=\"https:\/\/www.escalade.pro\/news\/grandes-voies\/\" \/>\n<meta property=\"og:site_name\" content=\"L&#039;Arqu\u00e9e Libre - Fred Vionnet entraineur\/moniteur escalade\" \/>\n<meta property=\"article:publisher\" content=\"https:\/\/www.facebook.com\/grimpisme\/\" \/>\n<meta property=\"article:modified_time\" content=\"2024-07-29T11:00:09+00:00\" \/>\n<meta property=\"og:image\" content=\"https:\/\/www.escalade.pro\/news\/wp-content\/uploads\/2018\/10\/DSC05579.jpg\" \/>\n\t<meta property=\"og:image:width\" content=\"1200\" \/>\n\t<meta property=\"og:image:height\" content=\"900\" \/>\n\t<meta property=\"og:image:type\" content=\"image\/jpeg\" \/>\n<meta name=\"twitter:card\" content=\"summary_large_image\" \/>\n<meta name=\"twitter:label1\" content=\"Dur\u00e9e de lecture estim\u00e9e\" \/>\n\t<meta name=\"twitter:data1\" content=\"3 minutes\" \/>\n<script type=\"application\/ld+json\" class=\"yoast-schema-graph\">{\"@context\":\"https:\\\/\\\/schema.org\",\"@graph\":[{\"@type\":\"WebPage\",\"@id\":\"https:\\\/\\\/www.escalade.pro\\\/news\\\/grandes-voies\\\/\",\"url\":\"https:\\\/\\\/www.escalade.pro\\\/news\\\/grandes-voies\\\/\",\"name\":\"Escalade en grandes voies - Grimpisme, entrainement et coaching\",\"isPartOf\":{\"@id\":\"https:\\\/\\\/www.escalade.pro\\\/news\\\/#website\"},\"primaryImageOfPage\":{\"@id\":\"https:\\\/\\\/www.escalade.pro\\\/news\\\/grandes-voies\\\/#primaryimage\"},\"image\":{\"@id\":\"https:\\\/\\\/www.escalade.pro\\\/news\\\/grandes-voies\\\/#primaryimage\"},\"thumbnailUrl\":\"https:\\\/\\\/www.escalade.pro\\\/news\\\/wp-content\\\/uploads\\\/2018\\\/10\\\/DSC05579.jpg\",\"datePublished\":\"2018-03-16T18:07:12+00:00\",\"dateModified\":\"2024-07-29T11:00:09+00:00\",\"description\":\"La grimpe en grande voie c\u2019est l\u2019engagement, le vide qui se creuse, le paysage qui s\u2019ouvre, l'immersion avec la nature.\",\"breadcrumb\":{\"@id\":\"https:\\\/\\\/www.escalade.pro\\\/news\\\/grandes-voies\\\/#breadcrumb\"},\"inLanguage\":\"fr-FR\",\"potentialAction\":[{\"@type\":\"ReadAction\",\"target\":[\"https:\\\/\\\/www.escalade.pro\\\/news\\\/grandes-voies\\\/\"]}]},{\"@type\":\"ImageObject\",\"inLanguage\":\"fr-FR\",\"@id\":\"https:\\\/\\\/www.escalade.pro\\\/news\\\/grandes-voies\\\/#primaryimage\",\"url\":\"https:\\\/\\\/www.escalade.pro\\\/news\\\/wp-content\\\/uploads\\\/2018\\\/10\\\/DSC05579.jpg\",\"contentUrl\":\"https:\\\/\\\/www.escalade.pro\\\/news\\\/wp-content\\\/uploads\\\/2018\\\/10\\\/DSC05579.jpg\",\"width\":1200,\"height\":900,\"caption\":\"free tibet escalade gorges verdon\"},{\"@type\":\"BreadcrumbList\",\"@id\":\"https:\\\/\\\/www.escalade.pro\\\/news\\\/grandes-voies\\\/#breadcrumb\",\"itemListElement\":[{\"@type\":\"ListItem\",\"position\":1,\"name\":\"Accueil\",\"item\":\"https:\\\/\\\/www.escalade.pro\\\/news\\\/\"},{\"@type\":\"ListItem\",\"position\":2,\"name\":\"Grandes voies\"}]},{\"@type\":\"WebSite\",\"@id\":\"https:\\\/\\\/www.escalade.pro\\\/news\\\/#website\",\"url\":\"https:\\\/\\\/www.escalade.pro\\\/news\\\/\",\"name\":\"L&#039;Arqu\u00e9e Libre - Fred Vionnet entraineur\\\/moniteur escalade\",\"description\":\"Coaching et entrainement escalade. Buoux, C\u00e9\u00fcse et Fontainebleau.\",\"publisher\":{\"@id\":\"https:\\\/\\\/www.escalade.pro\\\/news\\\/#organization\"},\"potentialAction\":[{\"@type\":\"SearchAction\",\"target\":{\"@type\":\"EntryPoint\",\"urlTemplate\":\"https:\\\/\\\/www.escalade.pro\\\/news\\\/?s={search_term_string}\"},\"query-input\":{\"@type\":\"PropertyValueSpecification\",\"valueRequired\":true,\"valueName\":\"search_term_string\"}}],\"inLanguage\":\"fr-FR\"},{\"@type\":\"Organization\",\"@id\":\"https:\\\/\\\/www.escalade.pro\\\/news\\\/#organization\",\"name\":\"L&#039;Arqu\u00e9e Libre - Fred Vionnet entraineur\\\/moniteur escalade\",\"url\":\"https:\\\/\\\/www.escalade.pro\\\/news\\\/\",\"logo\":{\"@type\":\"ImageObject\",\"inLanguage\":\"fr-FR\",\"@id\":\"https:\\\/\\\/www.escalade.pro\\\/news\\\/#\\\/schema\\\/logo\\\/image\\\/\",\"url\":\"https:\\\/\\\/www.escalade.pro\\\/news\\\/wp-content\\\/uploads\\\/2026\\\/04\\\/logo-wp-AL-avril-2026-1.jpg\",\"contentUrl\":\"https:\\\/\\\/www.escalade.pro\\\/news\\\/wp-content\\\/uploads\\\/2026\\\/04\\\/logo-wp-AL-avril-2026-1.jpg\",\"width\":1955,\"height\":902,\"caption\":\"L&#039;Arqu\u00e9e Libre - Fred Vionnet entraineur\\\/moniteur escalade\"},\"image\":{\"@id\":\"https:\\\/\\\/www.escalade.pro\\\/news\\\/#\\\/schema\\\/logo\\\/image\\\/\"},\"sameAs\":[\"https:\\\/\\\/www.facebook.com\\\/grimpisme\\\/\",\"https:\\\/\\\/www.instagram.com\\\/grimpisme\\\/\",\"https:\\\/\\\/www.linkedin.com\\\/in\\\/fred-vionnet-6284b96a\\\/\",\"https:\\\/\\\/fr.pinterest.com\\\/grimpisme\\\/\",\"https:\\\/\\\/www.youtube.com\\\/@grimpisme\"]}]}<\/script>\n<!-- \/ Yoast SEO plugin. -->","yoast_head_json":{"title":"Escalade en grandes voies - Grimpisme, entrainement et coaching","description":"La grimpe en grande voie c\u2019est l\u2019engagement, le vide qui se creuse, le paysage qui s\u2019ouvre, l'immersion avec la nature.","robots":{"index":"index","follow":"follow","max-snippet":"max-snippet:-1","max-image-preview":"max-image-preview:large","max-video-preview":"max-video-preview:-1"},"canonical":"https:\/\/www.escalade.pro\/news\/grandes-voies\/","og_locale":"fr_FR","og_type":"article","og_title":"Escalade en grandes voies - Grimpisme, entrainement et coaching","og_description":"La grimpe en grande voie c\u2019est l\u2019engagement, le vide qui se creuse, le paysage qui s\u2019ouvre, l'immersion avec la nature.","og_url":"https:\/\/www.escalade.pro\/news\/grandes-voies\/","og_site_name":"L&#039;Arqu\u00e9e Libre - Fred Vionnet entraineur\/moniteur escalade","article_publisher":"https:\/\/www.facebook.com\/grimpisme\/","article_modified_time":"2024-07-29T11:00:09+00:00","og_image":[{"width":1200,"height":900,"url":"https:\/\/www.escalade.pro\/news\/wp-content\/uploads\/2018\/10\/DSC05579.jpg","type":"image\/jpeg"}],"twitter_card":"summary_large_image","twitter_misc":{"Dur\u00e9e de lecture estim\u00e9e":"3 minutes"},"schema":{"@context":"https:\/\/schema.org","@graph":[{"@type":"WebPage","@id":"https:\/\/www.escalade.pro\/news\/grandes-voies\/","url":"https:\/\/www.escalade.pro\/news\/grandes-voies\/","name":"Escalade en grandes voies - Grimpisme, entrainement et coaching","isPartOf":{"@id":"https:\/\/www.escalade.pro\/news\/#website"},"primaryImageOfPage":{"@id":"https:\/\/www.escalade.pro\/news\/grandes-voies\/#primaryimage"},"image":{"@id":"https:\/\/www.escalade.pro\/news\/grandes-voies\/#primaryimage"},"thumbnailUrl":"https:\/\/www.escalade.pro\/news\/wp-content\/uploads\/2018\/10\/DSC05579.jpg","datePublished":"2018-03-16T18:07:12+00:00","dateModified":"2024-07-29T11:00:09+00:00","description":"La grimpe en grande voie c\u2019est l\u2019engagement, le vide qui se creuse, le paysage qui s\u2019ouvre, l'immersion avec la nature.","breadcrumb":{"@id":"https:\/\/www.escalade.pro\/news\/grandes-voies\/#breadcrumb"},"inLanguage":"fr-FR","potentialAction":[{"@type":"ReadAction","target":["https:\/\/www.escalade.pro\/news\/grandes-voies\/"]}]},{"@type":"ImageObject","inLanguage":"fr-FR","@id":"https:\/\/www.escalade.pro\/news\/grandes-voies\/#primaryimage","url":"https:\/\/www.escalade.pro\/news\/wp-content\/uploads\/2018\/10\/DSC05579.jpg","contentUrl":"https:\/\/www.escalade.pro\/news\/wp-content\/uploads\/2018\/10\/DSC05579.jpg","width":1200,"height":900,"caption":"free tibet escalade gorges verdon"},{"@type":"BreadcrumbList","@id":"https:\/\/www.escalade.pro\/news\/grandes-voies\/#breadcrumb","itemListElement":[{"@type":"ListItem","position":1,"name":"Accueil","item":"https:\/\/www.escalade.pro\/news\/"},{"@type":"ListItem","position":2,"name":"Grandes voies"}]},{"@type":"WebSite","@id":"https:\/\/www.escalade.pro\/news\/#website","url":"https:\/\/www.escalade.pro\/news\/","name":"L&#039;Arqu\u00e9e Libre - Fred Vionnet entraineur\/moniteur escalade","description":"Coaching et entrainement escalade. Buoux, C\u00e9\u00fcse et Fontainebleau.","publisher":{"@id":"https:\/\/www.escalade.pro\/news\/#organization"},"potentialAction":[{"@type":"SearchAction","target":{"@type":"EntryPoint","urlTemplate":"https:\/\/www.escalade.pro\/news\/?s={search_term_string}"},"query-input":{"@type":"PropertyValueSpecification","valueRequired":true,"valueName":"search_term_string"}}],"inLanguage":"fr-FR"},{"@type":"Organization","@id":"https:\/\/www.escalade.pro\/news\/#organization","name":"L&#039;Arqu\u00e9e Libre - Fred Vionnet entraineur\/moniteur escalade","url":"https:\/\/www.escalade.pro\/news\/","logo":{"@type":"ImageObject","inLanguage":"fr-FR","@id":"https:\/\/www.escalade.pro\/news\/#\/schema\/logo\/image\/","url":"https:\/\/www.escalade.pro\/news\/wp-content\/uploads\/2026\/04\/logo-wp-AL-avril-2026-1.jpg","contentUrl":"https:\/\/www.escalade.pro\/news\/wp-content\/uploads\/2026\/04\/logo-wp-AL-avril-2026-1.jpg","width":1955,"height":902,"caption":"L&#039;Arqu\u00e9e Libre - Fred Vionnet entraineur\/moniteur escalade"},"image":{"@id":"https:\/\/www.escalade.pro\/news\/#\/schema\/logo\/image\/"},"sameAs":["https:\/\/www.facebook.com\/grimpisme\/","https:\/\/www.instagram.com\/grimpisme\/","https:\/\/www.linkedin.com\/in\/fred-vionnet-6284b96a\/","https:\/\/fr.pinterest.com\/grimpisme\/","https:\/\/www.youtube.com\/@grimpisme"]}]}},"jetpack_sharing_enabled":true,"jetpack_shortlink":"https:\/\/wp.me\/P68Rw6-43d","jetpack-related-posts":[{"id":26652,"url":"https:\/\/www.escalade.pro\/news\/actualites-archives-2024\/","url_meta":{"origin":15575,"position":0},"title":"Actualit\u00e9s 2024","author":"Fred Vionnet","date":"2 janvier 2025","format":false,"excerpt":"C'est par ici pour les actualit\u00e9s de l'ann\u00e9e en cours. Et via ces liens pour les ann\u00e9es 2023 et pr\u00e9c\u00e9dentes. Nottingham Climbing Center, un salle litt\u00e9ralement dans une ancienne piscine. Avec des vieux pans et des blocs \u00e0 1500\u20ac. Atypique et sympa. 28 d\u00e9cembre 2024. Coach, l'envers du d\u00e9cors. Super\u2026","rel":"","context":"Article similaire","block_context":{"text":"Article similaire","link":""},"img":{"alt_text":"escalade nottingham uk grimpisme","src":"https:\/\/i0.wp.com\/www.escalade.pro\/news\/wp-content\/uploads\/2024\/12\/IMG_4344-150x150.jpg?resize=350%2C200&ssl=1","width":350,"height":200,"srcset":"https:\/\/i0.wp.com\/www.escalade.pro\/news\/wp-content\/uploads\/2024\/12\/IMG_4344-150x150.jpg?resize=350%2C200&ssl=1 1x, https:\/\/i0.wp.com\/www.escalade.pro\/news\/wp-content\/uploads\/2024\/12\/IMG_4344-150x150.jpg?resize=525%2C300&ssl=1 1.5x, https:\/\/i0.wp.com\/www.escalade.pro\/news\/wp-content\/uploads\/2024\/12\/IMG_4344-150x150.jpg?resize=700%2C400&ssl=1 2x"},"classes":[]},{"id":23306,"url":"https:\/\/www.escalade.pro\/news\/atelier-grimper-progresser\/","url_meta":{"origin":15575,"position":1},"title":"Atelier \/ workshop \u00ab\u00a0grimper et progresser en escalade\u00a0\u00bb","author":"Fred Vionnet","date":"27 juillet 2023","format":false,"excerpt":"Un atelier pour partager avec vous ma vision de l'escalade et d'un entra\u00eenement efficace. Pour vous aider \u00e0 avoir du recul sur votre pratique, afin de l'optimiser, et mettre en place une progression bas\u00e9e sur le plaisir de grimper et la motivation.","rel":"","context":"Article similaire","block_context":{"text":"Article similaire","link":""},"img":{"alt_text":"escalade climbing entrainement training moonboard","src":"https:\/\/i0.wp.com\/www.escalade.pro\/news\/wp-content\/uploads\/2024\/08\/IMG_3621.jpg?resize=350%2C200&ssl=1","width":350,"height":200,"srcset":"https:\/\/i0.wp.com\/www.escalade.pro\/news\/wp-content\/uploads\/2024\/08\/IMG_3621.jpg?resize=350%2C200&ssl=1 1x, https:\/\/i0.wp.com\/www.escalade.pro\/news\/wp-content\/uploads\/2024\/08\/IMG_3621.jpg?resize=525%2C300&ssl=1 1.5x, https:\/\/i0.wp.com\/www.escalade.pro\/news\/wp-content\/uploads\/2024\/08\/IMG_3621.jpg?resize=700%2C400&ssl=1 2x"},"classes":[]},{"id":19525,"url":"https:\/\/www.escalade.pro\/news\/stage-grandes-voies-escalade-verdon\/","url_meta":{"origin":15575,"position":2},"title":"Stage grandes voies dans les gorges du Verdon","author":"Fred Vionnet","date":"16 juillet 2020","format":false,"excerpt":"Plus qu\u2019une falaise aux possibilit\u00e9s qui occuperont des g\u00e9n\u00e9rations de grimpeurs, c\u2019est avant tout un environnement naturel majestueux. La grimpe y est vertigineuse, technique, exigeante\u2026 et gratifiante! Mais rassurez vous, de nombreux itin\u00e9raires accessibles et bien \u00e9quip\u00e9s sont possibles, avec toujours un petit parfum d\u2019aventure verdonnesque qui vous fera jubiler\u2026","rel":"","context":"Article similaire","block_context":{"text":"Article similaire","link":""},"img":{"alt_text":"escalade gorges du verdon","src":"https:\/\/i0.wp.com\/www.escalade.pro\/news\/wp-content\/uploads\/2020\/06\/VERDON.jpg?resize=350%2C200&ssl=1","width":350,"height":200},"classes":[]},{"id":28940,"url":"https:\/\/www.escalade.pro\/news\/archives-2025\/","url_meta":{"origin":15575,"position":3},"title":"Archives 2025","author":"Fred Vionnet","date":"5 janvier 2026","format":false,"excerpt":"Les archives 2025 de mes activit\u00e9s de coach et entraineur escalade. Photos, vid\u00e9os, articles, conseils entrainement, etc.","rel":"","context":"Article similaire","block_context":{"text":"Article similaire","link":""},"img":{"alt_text":"escalade haute savoie climbing","src":"https:\/\/i0.wp.com\/www.escalade.pro\/news\/wp-content\/uploads\/2025\/11\/IMG_5833.jpg?resize=350%2C200&ssl=1","width":350,"height":200,"srcset":"https:\/\/i0.wp.com\/www.escalade.pro\/news\/wp-content\/uploads\/2025\/11\/IMG_5833.jpg?resize=350%2C200&ssl=1 1x, https:\/\/i0.wp.com\/www.escalade.pro\/news\/wp-content\/uploads\/2025\/11\/IMG_5833.jpg?resize=525%2C300&ssl=1 1.5x, https:\/\/i0.wp.com\/www.escalade.pro\/news\/wp-content\/uploads\/2025\/11\/IMG_5833.jpg?resize=700%2C400&ssl=1 2x"},"classes":[]},{"id":24430,"url":"https:\/\/www.escalade.pro\/news\/archives-2023\/","url_meta":{"origin":15575,"position":4},"title":"Archives 2023","author":"Fred Vionnet","date":"4 janvier 2024","format":false,"excerpt":"Les archives de mon actualit\u00e9 sur l'ann\u00e9e 2023. Grimpe, escalade, articles, avis, tests, photos, vid\u00e9os et analyses.","rel":"","context":"Article similaire","block_context":{"text":"Article similaire","link":""},"img":{"alt_text":"escalade climbing saint leger du ventoux","src":"https:\/\/i0.wp.com\/www.escalade.pro\/news\/wp-content\/uploads\/2023\/10\/IMG_2563-scaled.jpg?resize=350%2C200&ssl=1","width":350,"height":200,"srcset":"https:\/\/i0.wp.com\/www.escalade.pro\/news\/wp-content\/uploads\/2023\/10\/IMG_2563-scaled.jpg?resize=350%2C200&ssl=1 1x, https:\/\/i0.wp.com\/www.escalade.pro\/news\/wp-content\/uploads\/2023\/10\/IMG_2563-scaled.jpg?resize=525%2C300&ssl=1 1.5x, https:\/\/i0.wp.com\/www.escalade.pro\/news\/wp-content\/uploads\/2023\/10\/IMG_2563-scaled.jpg?resize=700%2C400&ssl=1 2x, https:\/\/i0.wp.com\/www.escalade.pro\/news\/wp-content\/uploads\/2023\/10\/IMG_2563-scaled.jpg?resize=1050%2C600&ssl=1 3x, https:\/\/i0.wp.com\/www.escalade.pro\/news\/wp-content\/uploads\/2023\/10\/IMG_2563-scaled.jpg?resize=1400%2C800&ssl=1 4x"},"classes":[]},{"id":13624,"url":"https:\/\/www.escalade.pro\/news\/coaching-escalade\/","url_meta":{"origin":15575,"position":5},"title":"Coaching escalade, diff\u00e9rentes formules pour une progression personnalis\u00e9e","author":"Fred Vionnet","date":"6 f\u00e9vrier 2017","format":false,"excerpt":"Progresser en escalade gr\u00e2ce au coaching personnalis\u00e9. Entrainement physique, technique, tactique et mental.","rel":"","context":"Article similaire","block_context":{"text":"Article similaire","link":""},"img":{"alt_text":"salle escalade arquee libre chamonix climbing gym","src":"https:\/\/i0.wp.com\/www.escalade.pro\/news\/wp-content\/uploads\/2025\/04\/WhatsApp-Image-2025-04-20-at-20.45.13-2.jpg?resize=350%2C200&ssl=1","width":350,"height":200,"srcset":"https:\/\/i0.wp.com\/www.escalade.pro\/news\/wp-content\/uploads\/2025\/04\/WhatsApp-Image-2025-04-20-at-20.45.13-2.jpg?resize=350%2C200&ssl=1 1x, https:\/\/i0.wp.com\/www.escalade.pro\/news\/wp-content\/uploads\/2025\/04\/WhatsApp-Image-2025-04-20-at-20.45.13-2.jpg?resize=525%2C300&ssl=1 1.5x, https:\/\/i0.wp.com\/www.escalade.pro\/news\/wp-content\/uploads\/2025\/04\/WhatsApp-Image-2025-04-20-at-20.45.13-2.jpg?resize=700%2C400&ssl=1 2x"},"classes":[]}],"_links":{"self":[{"href":"https:\/\/www.escalade.pro\/news\/wp-json\/wp\/v2\/pages\/15575","targetHints":{"allow":["GET"]}}],"collection":[{"href":"https:\/\/www.escalade.pro\/news\/wp-json\/wp\/v2\/pages"}],"about":[{"href":"https:\/\/www.escalade.pro\/news\/wp-json\/wp\/v2\/types\/page"}],"author":[{"embeddable":true,"href":"https:\/\/www.escalade.pro\/news\/wp-json\/wp\/v2\/users\/1"}],"replies":[{"embeddable":true,"href":"https:\/\/www.escalade.pro\/news\/wp-json\/wp\/v2\/comments?post=15575"}],"version-history":[{"count":93,"href":"https:\/\/www.escalade.pro\/news\/wp-json\/wp\/v2\/pages\/15575\/revisions"}],"predecessor-version":[{"id":25553,"href":"https:\/\/www.escalade.pro\/news\/wp-json\/wp\/v2\/pages\/15575\/revisions\/25553"}],"wp:featuredmedia":[{"embeddable":true,"href":"https:\/\/www.escalade.pro\/news\/wp-json\/wp\/v2\/media\/17122"}],"wp:attachment":[{"href":"https:\/\/www.escalade.pro\/news\/wp-json\/wp\/v2\/media?parent=15575"}],"curies":[{"name":"wp","href":"https:\/\/api.w.org\/{rel}","templated":true}]}}